{"id":13,"date":"2017-07-11T06:30:11","date_gmt":"2017-07-11T06:30:11","guid":{"rendered":"http:\/\/fernandorepiso.com.ar\/index.php\/services\/"},"modified":"2020-12-03T17:53:02","modified_gmt":"2020-12-03T17:53:02","slug":"services","status":"publish","type":"page","link":"https:\/\/fernandorepiso.com.ar\/index.php\/services\/","title":{"rendered":"Nosotros"},"content":{"rendered":"\t\t<div data-elementor-type=\"wp-post\" data-elementor-id=\"13\" class=\"elementor elementor-13\" data-elementor-settings=\"[]\">\n\t\t\t\t\t\t<div class=\"elementor-inner\">\n\t\t\t\t\t\t\t<div class=\"elementor-section-wrap\">\n\t\t\t\t\t\t\t<section class=\"elementor-section elementor-top-section elementor-element elementor-element-2583949 elementor-section-boxed elementor-section-height-default elementor-section-height-default elementor-invisible\" data-id=\"2583949\" data-element_type=\"section\" data-settings=\"{&quot;background_background&quot;:&quot;classic&quot;,&quot;animation&quot;:&quot;fadeInDown&quot;,&quot;ekit_has_onepagescroll_dot&quot;:&quot;yes&quot;}\">\n\t\t\t\t\t\t\t<div class=\"elementor-background-overlay\"><\/div>\n\t\t\t\t\t\t\t<div class=\"elementor-container elementor-column-gap-no\">\n\t\t\t\t\t\t\t<div class=\"elementor-row\">\n\t\t\t\t\t<div class=\"elementor-column elementor-col-100 elementor-top-column elementor-element elementor-element-04cde6b\" data-id=\"04cde6b\" data-element_type=\"column\">\n\t\t\t<div class=\"elementor-column-wrap\">\n\t\t\t\t\t\t\t<div class=\"elementor-widget-wrap\">\n\t\t\t\t\t\t\t\t<\/div>\n\t\t\t\t\t<\/div>\n\t\t<\/div>\n\t\t\t\t\t\t\t\t<\/div>\n\t\t\t\t\t<\/div>\n\t\t<\/section>\n\t\t\t\t<section class=\"elementor-section elementor-top-section elementor-element elementor-element-2f57dc0 elementor-section-boxed elementor-section-height-default elementor-section-height-default\" data-id=\"2f57dc0\" data-element_type=\"section\" data-settings=\"{&quot;background_background&quot;:&quot;classic&quot;,&quot;ekit_has_onepagescroll_dot&quot;:&quot;yes&quot;}\">\n\t\t\t\t\t\t<div class=\"elementor-container elementor-column-gap-no\">\n\t\t\t\t\t\t\t<div class=\"elementor-row\">\n\t\t\t\t\t<div class=\"elementor-column elementor-col-50 elementor-top-column elementor-element elementor-element-a95ae21\" data-id=\"a95ae21\" data-element_type=\"column\">\n\t\t\t<div class=\"elementor-column-wrap elementor-element-populated\">\n\t\t\t\t\t\t\t<div class=\"elementor-widget-wrap\">\n\t\t\t\t\t\t<div class=\"elementor-element elementor-element-f9e31d6 elementor-invisible elementor-widget elementor-widget-heading\" data-id=\"f9e31d6\" data-element_type=\"widget\" data-settings=\"{&quot;_animation&quot;:&quot;fadeInLeft&quot;}\" data-widget_type=\"heading.default\">\n\t\t\t\t<div class=\"elementor-widget-container\">\n\t\t\t<h2 class=\"elementor-heading-title elementor-size-default\">Acerca de mi<\/h2>\t\t<\/div>\n\t\t\t\t<\/div>\n\t\t\t\t<div class=\"elementor-element elementor-element-4a450e7 elementor-widget-divider--view-line elementor-invisible elementor-widget elementor-widget-divider\" data-id=\"4a450e7\" data-element_type=\"widget\" data-settings=\"{&quot;_animation&quot;:&quot;fadeInLeft&quot;,&quot;_animation_delay&quot;:100}\" data-widget_type=\"divider.default\">\n\t\t\t\t<div class=\"elementor-widget-container\">\n\t\t\t\t\t<div class=\"elementor-divider\">\n\t\t\t<span class=\"elementor-divider-separator\">\n\t\t\t\t\t\t<\/span>\n\t\t<\/div>\n\t\t\t\t<\/div>\n\t\t\t\t<\/div>\n\t\t\t\t<div class=\"elementor-element elementor-element-2d45653 elementor-invisible elementor-widget elementor-widget-text-editor\" data-id=\"2d45653\" data-element_type=\"widget\" data-settings=\"{&quot;_animation&quot;:&quot;fadeInLeft&quot;,&quot;_animation_delay&quot;:200}\" data-widget_type=\"text-editor.default\">\n\t\t\t\t<div class=\"elementor-widget-container\">\n\t\t\t\t\t<div class=\"elementor-text-editor elementor-clearfix\"><p style=\"text-align: left;\">Fernando Repiso: Desde 1989, orfebre con 25 a\u00f1os de amplia y garantizada<br \/>trayectoria. Sus estudios en la Escuela T\u00e9cnica Raggio lo llevaron a recibirse como T\u00e9cnico en la Industria de la Orfebrer\u00eda. Adem\u00e1s curs\u00f3 la Carrera de escultor en la Escuela Nacional de Bellas Artes.<br \/>Sus primeros pasos fueron realizando juegos de t\u00e9 de plata, para a\u00f1os mas tarde dedicarse completamente a la joyer\u00eda. Entre los a\u00f1os 2002 y 2003 realiz\u00f3 el curso de Gemolog\u00eda I, II y III en el Instituto Universitario Nacional de Arte (IUNA).<br \/>Fue en el a\u00f1o 2011 donde decidi\u00f3, junto a Liliana Candiago, hacer su sue\u00f1o realidad de tener su propio local, desde en el cual dise\u00f1an una exclusiva l\u00ednea de orfebrer\u00eda urbana.<\/p><\/div>\n\t\t\t\t<\/div>\n\t\t\t\t<\/div>\n\t\t\t\t\t\t<\/div>\n\t\t\t\t\t<\/div>\n\t\t<\/div>\n\t\t\t\t<div class=\"elementor-column elementor-col-50 elementor-top-column elementor-element elementor-element-cb4d529\" data-id=\"cb4d529\" data-element_type=\"column\">\n\t\t\t<div class=\"elementor-column-wrap elementor-element-populated\">\n\t\t\t\t\t\t\t<div class=\"elementor-widget-wrap\">\n\t\t\t\t\t\t<div class=\"elementor-element elementor-element-6388d20 elementor-invisible elementor-widget elementor-widget-image\" data-id=\"6388d20\" data-element_type=\"widget\" data-settings=\"{&quot;_animation&quot;:&quot;fadeInRight&quot;,&quot;_animation_delay&quot;:300}\" data-widget_type=\"image.default\">\n\t\t\t\t<div class=\"elementor-widget-container\">\n\t\t\t\t\t<div class=\"elementor-image\">\n\t\t\t\t\t\t\t\t\t\t<img width=\"960\" height=\"768\" src=\"https:\/\/fernandorepiso.com.ar\/wp-content\/uploads\/2020\/09\/gold2.jpg\" class=\"elementor-animation-grow attachment-full size-full\" alt=\"\" loading=\"lazy\" srcset=\"https:\/\/fernandorepiso.com.ar\/wp-content\/uploads\/2020\/09\/gold2.jpg 960w, https:\/\/fernandorepiso.com.ar\/wp-content\/uploads\/2020\/09\/gold2-300x240.jpg 300w, https:\/\/fernandorepiso.com.ar\/wp-content\/uploads\/2020\/09\/gold2-768x614.jpg 768w\" sizes=\"(max-width: 960px) 100vw, 960px\" \/>\t\t\t\t\t\t\t\t\t\t\t<\/div>\n\t\t\t\t<\/div>\n\t\t\t\t<\/div>\n\t\t\t\t\t\t<\/div>\n\t\t\t\t\t<\/div>\n\t\t<\/div>\n\t\t\t\t\t\t\t\t<\/div>\n\t\t\t\t\t<\/div>\n\t\t<\/section>\n\t\t\t\t\t\t<\/div>\n\t\t\t\t\t\t<\/div>\n\t\t\t\t\t<\/div>\n\t\t","protected":false},"excerpt":{"rendered":"<p>Acerca de mi Fernando Repiso: Desde 1989, orfebre con 25 a\u00f1os de amplia y garantizadatrayectoria. Sus estudios en la Escuela T\u00e9cnica Raggio lo llevaron a recibirse como T\u00e9cnico en la Industria de la Orfebrer\u00eda. Adem\u00e1s curs\u00f3 la Carrera de escultor en la Escuela Nacional de Bellas Artes.Sus primeros pasos fueron realizando juegos de t\u00e9 de &hellip;<\/p>\n<p class=\"read-more\"> <a class=\"\" href=\"https:\/\/fernandorepiso.com.ar\/index.php\/services\/\"> <span class=\"screen-reader-text\">Nosotros<\/span> Leer m\u00e1s &raquo;<\/a><\/p>\n","protected":false},"author":1,"featured_media":0,"parent":0,"menu_order":0,"comment_status":"closed","ping_status":"closed","template":"","meta":[],"_links":{"self":[{"href":"https:\/\/fernandorepiso.com.ar\/index.php\/wp-json\/wp\/v2\/pages\/13"}],"collection":[{"href":"https:\/\/fernandorepiso.com.ar\/index.php\/wp-json\/wp\/v2\/pages"}],"about":[{"href":"https:\/\/fernandorepiso.com.ar\/index.php\/wp-json\/wp\/v2\/types\/page"}],"author":[{"embeddable":true,"href":"https:\/\/fernandorepiso.com.ar\/index.php\/wp-json\/wp\/v2\/users\/1"}],"replies":[{"embeddable":true,"href":"https:\/\/fernandorepiso.com.ar\/index.php\/wp-json\/wp\/v2\/comments?post=13"}],"version-history":[{"count":7,"href":"https:\/\/fernandorepiso.com.ar\/index.php\/wp-json\/wp\/v2\/pages\/13\/revisions"}],"predecessor-version":[{"id":2238,"href":"https:\/\/fernandorepiso.com.ar\/index.php\/wp-json\/wp\/v2\/pages\/13\/revisions\/2238"}],"wp:attachment":[{"href":"https:\/\/fernandorepiso.com.ar\/index.php\/wp-json\/wp\/v2\/media?parent=13"}],"curies":[{"name":"wp","href":"https:\/\/api.w.org\/{rel}","templated":true}]}}