{"id":1857,"date":"2020-09-28T16:01:59","date_gmt":"2020-09-28T16:01:59","guid":{"rendered":"http:\/\/fernandorepiso.com.ar\/?page_id=1857"},"modified":"2020-12-03T17:54:49","modified_gmt":"2020-12-03T17:54:49","slug":"servicios","status":"publish","type":"page","link":"https:\/\/fernandorepiso.com.ar\/index.php\/servicios\/","title":{"rendered":"Servicios"},"content":{"rendered":"\t\t<div data-elementor-type=\"wp-post\" data-elementor-id=\"1857\" class=\"elementor elementor-1857\" data-elementor-settings=\"[]\">\n\t\t\t\t\t\t<div class=\"elementor-inner\">\n\t\t\t\t\t\t\t<div class=\"elementor-section-wrap\">\n\t\t\t\t\t\t\t<section class=\"elementor-section elementor-top-section elementor-element elementor-element-14e93bb7 elementor-section-boxed elementor-section-height-default elementor-section-height-default elementor-invisible\" data-id=\"14e93bb7\" data-element_type=\"section\" data-settings=\"{&quot;background_background&quot;:&quot;classic&quot;,&quot;animation&quot;:&quot;fadeInDown&quot;,&quot;ekit_has_onepagescroll_dot&quot;:&quot;yes&quot;}\">\n\t\t\t\t\t\t\t<div class=\"elementor-background-overlay\"><\/div>\n\t\t\t\t\t\t\t<div class=\"elementor-container elementor-column-gap-no\">\n\t\t\t\t\t\t\t<div class=\"elementor-row\">\n\t\t\t\t\t<div class=\"elementor-column elementor-col-100 elementor-top-column elementor-element elementor-element-aa3c6a8\" data-id=\"aa3c6a8\" data-element_type=\"column\">\n\t\t\t<div class=\"elementor-column-wrap\">\n\t\t\t\t\t\t\t<div class=\"elementor-widget-wrap\">\n\t\t\t\t\t\t\t\t<\/div>\n\t\t\t\t\t<\/div>\n\t\t<\/div>\n\t\t\t\t\t\t\t\t<\/div>\n\t\t\t\t\t<\/div>\n\t\t<\/section>\n\t\t\t\t<section class=\"elementor-section elementor-top-section elementor-element elementor-element-affd82b elementor-section-height-min-height elementor-section-boxed elementor-section-height-default elementor-section-items-middle elementor-invisible\" data-id=\"affd82b\" data-element_type=\"section\" data-settings=\"{&quot;background_background&quot;:&quot;classic&quot;,&quot;animation&quot;:&quot;fadeInUp&quot;,&quot;ekit_has_onepagescroll_dot&quot;:&quot;yes&quot;}\">\n\t\t\t\t\t\t<div class=\"elementor-container elementor-column-gap-default\">\n\t\t\t\t\t\t\t<div class=\"elementor-row\">\n\t\t\t\t\t<div class=\"elementor-column elementor-col-100 elementor-top-column elementor-element elementor-element-0aa3547\" data-id=\"0aa3547\" data-element_type=\"column\">\n\t\t\t<div class=\"elementor-column-wrap elementor-element-populated\">\n\t\t\t\t\t\t\t<div class=\"elementor-widget-wrap\">\n\t\t\t\t\t\t<div class=\"elementor-element elementor-element-9d42827 elementor-widget elementor-widget-heading\" data-id=\"9d42827\" data-element_type=\"widget\" data-widget_type=\"heading.default\">\n\t\t\t\t<div class=\"elementor-widget-container\">\n\t\t\t<h2 class=\"elementor-heading-title elementor-size-default\">Servicios<\/h2>\t\t<\/div>\n\t\t\t\t<\/div>\n\t\t\t\t<div class=\"elementor-element elementor-element-3ab5bf5 elementor-widget elementor-widget-text-editor\" data-id=\"3ab5bf5\" data-element_type=\"widget\" data-widget_type=\"text-editor.default\">\n\t\t\t\t<div class=\"elementor-widget-container\">\n\t\t\t\t\t<div class=\"elementor-text-editor elementor-clearfix\"><p>La pasi\u00f3n y el talento del artesano gu\u00edan el camino para lograr obras \u00fanicas e irrepetibles, desplegando creatividad, dedicaci\u00f3n y estilo.<\/p><p>Fernando Repiso crea piezas con metales y piedras, dejando su huella en cada una de ellas, dando a cada cliente garant\u00eda de satisfacci\u00f3n plena a sus estilos y necesidades.<\/p><p>Realiza tareas de confecci\u00f3n y restauraci\u00f3n, pedidos especiales y joyer\u00eda urbana y selecta, utilizando los m\u00e1s delicados procesos y t\u00e9cnicas artesanales.<\/p><\/div>\n\t\t\t\t<\/div>\n\t\t\t\t<\/div>\n\t\t\t\t<div class=\"elementor-element elementor-element-839a8a4 elementor-mobile-align-center elementor-align-center elementor-widget elementor-widget-button\" data-id=\"839a8a4\" data-element_type=\"widget\" data-widget_type=\"button.default\">\n\t\t\t\t<div class=\"elementor-widget-container\">\n\t\t\t\t\t<div class=\"elementor-button-wrapper\">\n\t\t\t<a href=\"http:\/\/fernandorepiso.com.ar\/index.php\/contacto\/\" class=\"elementor-button-link elementor-button elementor-size-md\" role=\"button\">\n\t\t\t\t\t\t<span class=\"elementor-button-content-wrapper\">\n\t\t\t\t\t\t<span class=\"elementor-button-text\">Contacto<\/span>\n\t\t<\/span>\n\t\t\t\t\t<\/a>\n\t\t<\/div>\n\t\t\t\t<\/div>\n\t\t\t\t<\/div>\n\t\t\t\t\t\t<\/div>\n\t\t\t\t\t<\/div>\n\t\t<\/div>\n\t\t\t\t\t\t\t\t<\/div>\n\t\t\t\t\t<\/div>\n\t\t<\/section>\n\t\t\t\t\t\t<\/div>\n\t\t\t\t\t\t<\/div>\n\t\t\t\t\t<\/div>\n\t\t","protected":false},"excerpt":{"rendered":"<p>Servicios La pasi\u00f3n y el talento del artesano gu\u00edan el camino para lograr obras \u00fanicas e irrepetibles, desplegando creatividad, dedicaci\u00f3n y estilo. Fernando Repiso crea piezas con metales y piedras, dejando su huella en cada una de ellas, dando a cada cliente garant\u00eda de satisfacci\u00f3n plena a sus estilos y necesidades. Realiza tareas de confecci\u00f3n &hellip;<\/p>\n<p class=\"read-more\"> <a class=\"\" href=\"https:\/\/fernandorepiso.com.ar\/index.php\/servicios\/\"> <span class=\"screen-reader-text\">Servicios<\/span> Leer m\u00e1s &raquo;<\/a><\/p>\n","protected":false},"author":1,"featured_media":0,"parent":0,"menu_order":0,"comment_status":"closed","ping_status":"closed","template":"","meta":[],"_links":{"self":[{"href":"https:\/\/fernandorepiso.com.ar\/index.php\/wp-json\/wp\/v2\/pages\/1857"}],"collection":[{"href":"https:\/\/fernandorepiso.com.ar\/index.php\/wp-json\/wp\/v2\/pages"}],"about":[{"href":"https:\/\/fernandorepiso.com.ar\/index.php\/wp-json\/wp\/v2\/types\/page"}],"author":[{"embeddable":true,"href":"https:\/\/fernandorepiso.com.ar\/index.php\/wp-json\/wp\/v2\/users\/1"}],"replies":[{"embeddable":true,"href":"https:\/\/fernandorepiso.com.ar\/index.php\/wp-json\/wp\/v2\/comments?post=1857"}],"version-history":[{"count":9,"href":"https:\/\/fernandorepiso.com.ar\/index.php\/wp-json\/wp\/v2\/pages\/1857\/revisions"}],"predecessor-version":[{"id":2249,"href":"https:\/\/fernandorepiso.com.ar\/index.php\/wp-json\/wp\/v2\/pages\/1857\/revisions\/2249"}],"wp:attachment":[{"href":"https:\/\/fernandorepiso.com.ar\/index.php\/wp-json\/wp\/v2\/media?parent=1857"}],"curies":[{"name":"wp","href":"https:\/\/api.w.org\/{rel}","templated":true}]}}